{"id":4737,"date":"2021-09-20T12:16:25","date_gmt":"2021-09-20T10:16:25","guid":{"rendered":"https:\/\/demo.tgk-si.com\/?page_id=4737"},"modified":"2021-10-07T17:42:07","modified_gmt":"2021-10-07T15:42:07","slug":"pravna-obavijest","status":"publish","type":"page","link":"https:\/\/www.tgk-si.com\/hr\/pravna-obavijest\/","title":{"rendered":"Pravna obavijest"},"content":{"rendered":"[vc_row type=&#8221;in_container&#8221; full_screen_row_position=&#8221;middle&#8221; column_margin=&#8221;default&#8221; column_direction=&#8221;default&#8221; column_direction_tablet=&#8221;default&#8221; column_direction_phone=&#8221;default&#8221; scene_position=&#8221;center&#8221; bottom_padding=&#8221;60&#8243; text_color=&#8221;dark&#8221; text_align=&#8221;left&#8221; row_border_radius=&#8221;none&#8221; row_border_radius_applies=&#8221;bg&#8221; overlay_strength=&#8221;0.3&#8243; gradient_direction=&#8221;left_to_right&#8221; shape_divider_position=&#8221;bottom&#8221; bg_image_animation=&#8221;none&#8221; shape_type=&#8221;&#8221;][vc_column column_padding=&#8221;no-extra-padding&#8221; column_padding_tablet=&#8221;inherit&#8221; column_padding_phone=&#8221;inherit&#8221; column_padding_position=&#8221;all&#8221; background_color_opacity=&#8221;1&#8243; background_hover_color_opacity=&#8221;1&#8243; column_shadow=&#8221;none&#8221; column_border_radius=&#8221;none&#8221; column_link_target=&#8221;_self&#8221; gradient_direction=&#8221;left_to_right&#8221; overlay_strength=&#8221;0.3&#8243; width=&#8221;1\/1&#8243; tablet_width_inherit=&#8221;default&#8221; tablet_text_alignment=&#8221;default&#8221; phone_text_alignment=&#8221;default&#8221; column_border_width=&#8221;none&#8221; column_border_style=&#8221;solid&#8221; bg_image_animation=&#8221;none&#8221;][vc_column_text]Op\u0107i uvjeti kori\u0161tenja web-stranice <a href=\"http:\/\/www.tgk-si.com\">www.tgk-si.com<\/a><\/p>\n<p><strong>1. Uvod<\/strong><\/p>\n<p>Web-stranica je za potrebe ove obavijesti pojam koji pokriva sve web-stranice na adresi: www.tgk-si.com.<\/p>\n<p>&nbsp;<\/p>\n<p><strong>2. Sadr\u017eaji web-stranice<\/strong><\/p>\n<p>Svi sadr\u017eaji koji se nalaze na web-stranici informativnog su zna\u010daja i namijenjeni su prvenstveno informiranju. Tvrtka TGK, d.o.o. obvezuje se da \u0107e u\u010diniti sve \u0161to je u njezinoj mo\u0107i da podaci na web-stranici budu istiniti, pouzdani i kvalitetni. Tvrtka ne odgovara za slu\u010dajne tipografske pogre\u0161ke i zaka\u0161njenja te nedostatke prilikom unosa i a\u017euriranja podataka.<\/p>\n<p>&nbsp;<\/p>\n<p><strong>3. Za\u0161tita autorskih prava<\/strong><\/p>\n<p>Ova je web-stranica isklju\u010divo vlasni\u0161tvo tvrtke TGK, d.o.o., zato je zabranjena bilo kakva zlouporaba podataka, slika, tekstova i drugih podataka koji su dio ove web-stranice. Zabranjeno je bilo kakvo kopiranje, distribucija ili druga uporaba svih gore navedenih podataka bez prethodnog znanja i odobrenja tvrtke TGK, d.o.o.<\/p>\n<p>&nbsp;<\/p>\n<p><strong>4. Za\u0161tita privatnosti<\/strong><\/p>\n<p>Prilikom prvog posjeta web-stranici na va\u0161e se ra\u010dunalo pohranjuje \u00bbkola\u010di\u0107\u00ab, koji mo\u017eete sami ukloniti ili njegovo pohranjivanje sprije\u010diti odabirom odgovaraju\u0107ih postavki. Kola\u010di\u0107i su malene datoteke koje poma\u017eu boljoj komunikaciji s web-stranicom i uz \u010diju pomo\u0107 na primjer web-stranica mo\u017ee upravljati va\u0161e osobne postavke. Va\u017eno je znati da preko tih datoteka nikako nije mogu\u0107e dospjeti do va\u0161ih osobnih podataka ili podataka koji su na va\u0161em ra\u010dunalu, osim do onih koji su javno dostupni (tip pretra\u017eiva\u010da, tip operativnog sustava itd). Podaci koje upi\u0161ete na web-stranici poslani su nam putem interneta u neza\u0161ti\u0107enom elektroni\u010dkom obliku, zato su na raspolaganju i tre\u0107im osobama. Za za\u0161titu va\u0161eg identiteta i privatnosti ne upisujte osobne podatke za koje ne \u017eelite da su poznati.<\/p>\n<p>&nbsp;<\/p>\n<p><strong>5. Vanjske poveznice <\/strong><\/p>\n<p>Na na\u0161oj web-stranici su i poveznice na web-stranice koje nisu dio na\u0161e web-stranice. Za sadr\u017eaje na tim stranicama ne odgovaramo.<\/p>\n<p>&nbsp;<\/p>\n<p><strong>6. Promjena uvjeta<\/strong><\/p>\n<p>TGK, d.o.o. pridr\u017eava pravo promjene op\u0107ih uvjeta bez prethodnog upozorenja. Promjene stupaju na snagu odmah nakon objave. Zbog tog prava prilikom svakog posjeta na\u0161oj web-stranici pomno pro\u010ditajte pravila i uvjete kori\u0161tenja.<\/p>\n<p>&nbsp;<\/p>\n<p><strong>7. Nadle\u017eni sud<\/strong><\/p>\n<p>Za tuma\u010denje i sva pravna pitanja u vezi s uporabom materijala koji su objavljeni na ovim web-stranicama primjenjuje se isklju\u010divo slovensko pravo. Za podneske i sporove u vezi s uporabom navedenih materijala nadle\u017ean je sud u Ljubljani.<\/p>\n<p>&nbsp;<\/p>\n<p><strong>8. Pi\u0161kotki<\/strong><\/p>\n<p>Vi\u0161e o kola\u010di\u0107ima koje koristi web stranica mo\u017eete pro\u010ditati <a href=\"https:\/\/www.tgk-si.com\/hr\/kolacici\/\">tu<\/a>.<\/p>\n<p>&nbsp;<\/p>\n<p><strong>9. Zaklju\u010dak<\/strong><\/p>\n<p>Pristupom web-stranici potvr\u0111ujete da ste upoznati i da se sla\u017eete sa svim gore navedenim uvjetima.[\/vc_column_text][\/vc_column][\/vc_row]\n","protected":false},"excerpt":{"rendered":"<p>[vc_row type=&#8221;in_container&#8221; full_screen_row_position=&#8221;middle&#8221; column_margin=&#8221;default&#8221; column_direction=&#8221;default&#8221; column_direction_tablet=&#8221;default&#8221; column_direction_phone=&#8221;default&#8221; scene_position=&#8221;center&#8221; bottom_padding=&#8221;60&#8243; text_color=&#8221;dark&#8221; text_align=&#8221;left&#8221; row_border_radius=&#8221;none&#8221; row_border_radius_applies=&#8221;bg&#8221; overlay_strength=&#8221;0.3&#8243; gradient_direction=&#8221;left_to_right&#8221; shape_divider_position=&#8221;bottom&#8221; bg_image_animation=&#8221;none&#8221; shape_type=&#8221;&#8221;][vc_column column_padding=&#8221;no-extra-padding&#8221; column_padding_tablet=&#8221;inherit&#8221; column_padding_phone=&#8221;inherit&#8221; column_padding_position=&#8221;all&#8221; background_color_opacity=&#8221;1&#8243; background_hover_color_opacity=&#8221;1&#8243; column_shadow=&#8221;none&#8221; column_border_radius=&#8221;none&#8221; column_link_target=&#8221;_self&#8221; gradient_direction=&#8221;left_to_right&#8221; overlay_strength=&#8221;0.3&#8243; width=&#8221;1\/1&#8243;&#8230;<\/p>\n","protected":false},"author":1,"featured_media":0,"parent":0,"menu_order":902,"comment_status":"closed","ping_status":"open","template":"","meta":[],"yoast_head":"<!-- This site is optimized with the Yoast SEO plugin v17.3 - https:\/\/yoast.com\/wordpress\/plugins\/seo\/ -->\n<title>Pravna obavijest - TGK d.o.o.<\/title>\n<meta name=\"robots\" content=\"index, follow, max-snippet:-1, max-image-preview:large, max-video-preview:-1\" \/>\n<link rel=\"canonical\" href=\"https:\/\/www.tgk-si.com\/hr\/pravna-obavijest\/\" \/>\n<meta property=\"og:locale\" content=\"hr_HR\" \/>\n<meta property=\"og:type\" content=\"article\" \/>\n<meta property=\"og:title\" content=\"Pravna obavijest - TGK d.o.o.\" \/>\n<meta property=\"og:description\" content=\"[vc_row type=&#8221;in_container&#8221; full_screen_row_position=&#8221;middle&#8221; column_margin=&#8221;default&#8221; column_direction=&#8221;default&#8221; column_direction_tablet=&#8221;default&#8221; column_direction_phone=&#8221;default&#8221; scene_position=&#8221;center&#8221; bottom_padding=&#8221;60&#8243; text_color=&#8221;dark&#8221; text_align=&#8221;left&#8221; row_border_radius=&#8221;none&#8221; row_border_radius_applies=&#8221;bg&#8221; overlay_strength=&#8221;0.3&#8243; gradient_direction=&#8221;left_to_right&#8221; shape_divider_position=&#8221;bottom&#8221; bg_image_animation=&#8221;none&#8221; shape_type=&#8221;&#8221;][vc_column column_padding=&#8221;no-extra-padding&#8221; column_padding_tablet=&#8221;inherit&#8221; column_padding_phone=&#8221;inherit&#8221; column_padding_position=&#8221;all&#8221; background_color_opacity=&#8221;1&#8243; background_hover_color_opacity=&#8221;1&#8243; column_shadow=&#8221;none&#8221; column_border_radius=&#8221;none&#8221; column_link_target=&#8221;_self&#8221; gradient_direction=&#8221;left_to_right&#8221; overlay_strength=&#8221;0.3&#8243; width=&#8221;1\/1&#8243;...\" \/>\n<meta property=\"og:url\" content=\"https:\/\/www.tgk-si.com\/hr\/pravna-obavijest\/\" \/>\n<meta property=\"og:site_name\" content=\"TGK d.o.o.\" \/>\n<meta property=\"article:modified_time\" content=\"2021-10-07T15:42:07+00:00\" \/>\n<meta name=\"twitter:card\" content=\"summary_large_image\" \/>\n<meta name=\"twitter:label1\" content=\"Procijenjeno vrijeme \u010ditanja\" \/>\n\t<meta name=\"twitter:data1\" content=\"2 minute\" \/>\n<script type=\"application\/ld+json\" class=\"yoast-schema-graph\">{\"@context\":\"https:\/\/schema.org\",\"@graph\":[{\"@type\":\"WebSite\",\"@id\":\"https:\/\/www.tgk-si.com\/hr\/#website\",\"url\":\"https:\/\/www.tgk-si.com\/hr\/\",\"name\":\"TGK d.o.o.\",\"description\":\"It\\u2019s more than quality. It\\u2019s a way of thinking\",\"potentialAction\":[{\"@type\":\"SearchAction\",\"target\":{\"@type\":\"EntryPoint\",\"urlTemplate\":\"https:\/\/www.tgk-si.com\/hr\/?s={search_term_string}\"},\"query-input\":\"required name=search_term_string\"}],\"inLanguage\":\"hr\"},{\"@type\":\"WebPage\",\"@id\":\"https:\/\/www.tgk-si.com\/hr\/pravna-obavijest\/#webpage\",\"url\":\"https:\/\/www.tgk-si.com\/hr\/pravna-obavijest\/\",\"name\":\"Pravna obavijest - TGK d.o.o.\",\"isPartOf\":{\"@id\":\"https:\/\/www.tgk-si.com\/hr\/#website\"},\"datePublished\":\"2021-09-20T10:16:25+00:00\",\"dateModified\":\"2021-10-07T15:42:07+00:00\",\"breadcrumb\":{\"@id\":\"https:\/\/www.tgk-si.com\/hr\/pravna-obavijest\/#breadcrumb\"},\"inLanguage\":\"hr\",\"potentialAction\":[{\"@type\":\"ReadAction\",\"target\":[\"https:\/\/www.tgk-si.com\/hr\/pravna-obavijest\/\"]}]},{\"@type\":\"BreadcrumbList\",\"@id\":\"https:\/\/www.tgk-si.com\/hr\/pravna-obavijest\/#breadcrumb\",\"itemListElement\":[{\"@type\":\"ListItem\",\"position\":1,\"name\":\"Home\",\"item\":\"https:\/\/www.tgk-si.com\/hr\/\"},{\"@type\":\"ListItem\",\"position\":2,\"name\":\"Pravna obavijest\"}]}]}<\/script>\n<!-- \/ Yoast SEO plugin. -->","yoast_head_json":{"title":"Pravna obavijest - TGK d.o.o.","robots":{"index":"index","follow":"follow","max-snippet":"max-snippet:-1","max-image-preview":"max-image-preview:large","max-video-preview":"max-video-preview:-1"},"canonical":"https:\/\/www.tgk-si.com\/hr\/pravna-obavijest\/","og_locale":"hr_HR","og_type":"article","og_title":"Pravna obavijest - TGK d.o.o.","og_description":"[vc_row type=&#8221;in_container&#8221; full_screen_row_position=&#8221;middle&#8221; column_margin=&#8221;default&#8221; column_direction=&#8221;default&#8221; column_direction_tablet=&#8221;default&#8221; column_direction_phone=&#8221;default&#8221; scene_position=&#8221;center&#8221; bottom_padding=&#8221;60&#8243; text_color=&#8221;dark&#8221; text_align=&#8221;left&#8221; row_border_radius=&#8221;none&#8221; row_border_radius_applies=&#8221;bg&#8221; overlay_strength=&#8221;0.3&#8243; gradient_direction=&#8221;left_to_right&#8221; shape_divider_position=&#8221;bottom&#8221; bg_image_animation=&#8221;none&#8221; shape_type=&#8221;&#8221;][vc_column column_padding=&#8221;no-extra-padding&#8221; column_padding_tablet=&#8221;inherit&#8221; column_padding_phone=&#8221;inherit&#8221; column_padding_position=&#8221;all&#8221; background_color_opacity=&#8221;1&#8243; background_hover_color_opacity=&#8221;1&#8243; column_shadow=&#8221;none&#8221; column_border_radius=&#8221;none&#8221; column_link_target=&#8221;_self&#8221; gradient_direction=&#8221;left_to_right&#8221; overlay_strength=&#8221;0.3&#8243; width=&#8221;1\/1&#8243;...","og_url":"https:\/\/www.tgk-si.com\/hr\/pravna-obavijest\/","og_site_name":"TGK d.o.o.","article_modified_time":"2021-10-07T15:42:07+00:00","twitter_card":"summary_large_image","twitter_misc":{"Procijenjeno vrijeme \u010ditanja":"2 minute"},"schema":{"@context":"https:\/\/schema.org","@graph":[{"@type":"WebSite","@id":"https:\/\/www.tgk-si.com\/hr\/#website","url":"https:\/\/www.tgk-si.com\/hr\/","name":"TGK d.o.o.","description":"It\u2019s more than quality. It\u2019s a way of thinking","potentialAction":[{"@type":"SearchAction","target":{"@type":"EntryPoint","urlTemplate":"https:\/\/www.tgk-si.com\/hr\/?s={search_term_string}"},"query-input":"required name=search_term_string"}],"inLanguage":"hr"},{"@type":"WebPage","@id":"https:\/\/www.tgk-si.com\/hr\/pravna-obavijest\/#webpage","url":"https:\/\/www.tgk-si.com\/hr\/pravna-obavijest\/","name":"Pravna obavijest - TGK d.o.o.","isPartOf":{"@id":"https:\/\/www.tgk-si.com\/hr\/#website"},"datePublished":"2021-09-20T10:16:25+00:00","dateModified":"2021-10-07T15:42:07+00:00","breadcrumb":{"@id":"https:\/\/www.tgk-si.com\/hr\/pravna-obavijest\/#breadcrumb"},"inLanguage":"hr","potentialAction":[{"@type":"ReadAction","target":["https:\/\/www.tgk-si.com\/hr\/pravna-obavijest\/"]}]},{"@type":"BreadcrumbList","@id":"https:\/\/www.tgk-si.com\/hr\/pravna-obavijest\/#breadcrumb","itemListElement":[{"@type":"ListItem","position":1,"name":"Home","item":"https:\/\/www.tgk-si.com\/hr\/"},{"@type":"ListItem","position":2,"name":"Pravna obavijest"}]}]}},"_links":{"self":[{"href":"https:\/\/www.tgk-si.com\/hr\/wp-json\/wp\/v2\/pages\/4737"}],"collection":[{"href":"https:\/\/www.tgk-si.com\/hr\/wp-json\/wp\/v2\/pages"}],"about":[{"href":"https:\/\/www.tgk-si.com\/hr\/wp-json\/wp\/v2\/types\/page"}],"author":[{"embeddable":true,"href":"https:\/\/www.tgk-si.com\/hr\/wp-json\/wp\/v2\/users\/1"}],"replies":[{"embeddable":true,"href":"https:\/\/www.tgk-si.com\/hr\/wp-json\/wp\/v2\/comments?post=4737"}],"version-history":[{"count":6,"href":"https:\/\/www.tgk-si.com\/hr\/wp-json\/wp\/v2\/pages\/4737\/revisions"}],"predecessor-version":[{"id":5004,"href":"https:\/\/www.tgk-si.com\/hr\/wp-json\/wp\/v2\/pages\/4737\/revisions\/5004"}],"wp:attachment":[{"href":"https:\/\/www.tgk-si.com\/hr\/wp-json\/wp\/v2\/media?parent=4737"}],"curies":[{"name":"wp","href":"https:\/\/api.w.org\/{rel}","templated":true}]}}